{"id":148,"date":"2022-04-29T14:01:50","date_gmt":"2022-04-29T17:01:50","guid":{"rendered":"https:\/\/conectandopessoas.net\/cria\/prostatabsb\/?page_id=148"},"modified":"2024-03-19T22:31:21","modified_gmt":"2024-03-20T01:31:21","slug":"blog","status":"publish","type":"page","link":"https:\/\/prostatabrasilia.com.br\/?page_id=148","title":{"rendered":"Blog"},"content":{"rendered":"\t\t<div data-elementor-type=\"wp-page\" data-elementor-id=\"148\" class=\"elementor elementor-148\" data-elementor-post-type=\"page\">\n\t\t\t\t<div class=\"elementor-element elementor-element-11a3a98 e-flex e-con-boxed e-con e-parent\" data-id=\"11a3a98\" data-element_type=\"container\" data-e-type=\"container\" data-settings=\"{&quot;background_background&quot;:&quot;classic&quot;}\">\n\t\t\t\t\t<div class=\"e-con-inner\">\n\t\t\t\t<div class=\"elementor-element elementor-element-61b95b5 elementor-widget elementor-widget-heading\" data-id=\"61b95b5\" data-element_type=\"widget\" data-e-type=\"widget\" data-widget_type=\"heading.default\">\n\t\t\t\t<div class=\"elementor-widget-container\">\n\t\t\t\t\t<p class=\"elementor-heading-title elementor-size-default\">BLOG<\/p>\t\t\t\t<\/div>\n\t\t\t\t<\/div>\n\t\t\t\t<div class=\"elementor-element elementor-element-de9125a elementor-widget elementor-widget-heading\" data-id=\"de9125a\" data-element_type=\"widget\" data-e-type=\"widget\" data-widget_type=\"heading.default\">\n\t\t\t\t<div class=\"elementor-widget-container\">\n\t\t\t\t\t<h1 class=\"elementor-heading-title elementor-size-default\">Entendendo a HPB: <br>Preven\u00e7\u00e3o, Sintomas e Solu\u00e7\u00f5es<\/h1>\t\t\t\t<\/div>\n\t\t\t\t<\/div>\n\t\t\t\t<div class=\"elementor-element elementor-element-fed351c elementor-widget__width-initial elementor-widget elementor-widget-heading\" data-id=\"fed351c\" data-element_type=\"widget\" data-e-type=\"widget\" data-widget_type=\"heading.default\">\n\t\t\t\t<div class=\"elementor-widget-container\">\n\t\t\t\t\t<h1 class=\"elementor-heading-title elementor-size-default\">Explore nosso blog para acessar conte\u00fados ricos sobre os mais recentes tratamentos urol\u00f3gicos e dicas de sa\u00fade prost\u00e1tica. <\/h1>\t\t\t\t<\/div>\n\t\t\t\t<\/div>\n\t\t\t\t\t<\/div>\n\t\t\t\t<\/div>\n\t\t\t\t<section class=\"elementor-section elementor-top-section elementor-element elementor-element-625bcc6 elementor-section-boxed elementor-section-height-default elementor-section-height-default\" data-id=\"625bcc6\" data-element_type=\"section\" data-e-type=\"section\">\n\t\t\t\t\t\t<div class=\"elementor-container elementor-column-gap-default\">\n\t\t\t\t\t<div class=\"elementor-column elementor-col-100 elementor-top-column elementor-element elementor-element-633e50e\" data-id=\"633e50e\" data-element_type=\"column\" data-e-type=\"column\">\n\t\t\t<div class=\"elementor-widget-wrap elementor-element-populated\">\n\t\t\t\t\t\t<div class=\"elementor-element elementor-element-e768586 elementor-grid-2 elementor-posts--thumbnail-left elementor-hidden-tablet elementor-hidden-mobile elementor-grid-tablet-2 elementor-grid-mobile-1 elementor-widget elementor-widget-posts\" data-id=\"e768586\" data-element_type=\"widget\" data-e-type=\"widget\" data-settings=\"{&quot;classic_columns&quot;:&quot;2&quot;,&quot;classic_row_gap&quot;:{&quot;unit&quot;:&quot;px&quot;,&quot;size&quot;:53,&quot;sizes&quot;:[]},&quot;classic_columns_tablet&quot;:&quot;2&quot;,&quot;classic_columns_mobile&quot;:&quot;1&quot;,&quot;classic_row_gap_tablet&quot;:{&quot;unit&quot;:&quot;px&quot;,&quot;size&quot;:&quot;&quot;,&quot;sizes&quot;:[]},&quot;classic_row_gap_mobile&quot;:{&quot;unit&quot;:&quot;px&quot;,&quot;size&quot;:&quot;&quot;,&quot;sizes&quot;:[]}}\" data-widget_type=\"posts.classic\">\n\t\t\t\t<div class=\"elementor-widget-container\">\n\t\t\t\t\t\t\t<div class=\"elementor-posts-container elementor-posts elementor-posts--skin-classic elementor-grid\" role=\"list\">\n\t\t\t\t<article class=\"elementor-post elementor-grid-item post-1335 post type-post status-publish format-standard has-post-thumbnail hentry category-blog entry has-media\" role=\"listitem\">\n\t\t\t\t<a class=\"elementor-post__thumbnail__link\" href=\"https:\/\/prostatabrasilia.com.br\/?p=1335\" tabindex=\"-1\" >\n\t\t\t<div class=\"elementor-post__thumbnail\"><img fetchpriority=\"high\" decoding=\"async\" width=\"1600\" height=\"1200\" src=\"https:\/\/prostatabrasilia.com.br\/wp-content\/uploads\/2023\/05\/WhatsApp-Image-2022-10-31-at-10.44.58-4.jpeg\" class=\"attachment-full size-full wp-image-1337\" alt=\"\" srcset=\"https:\/\/prostatabrasilia.com.br\/wp-content\/uploads\/2023\/05\/WhatsApp-Image-2022-10-31-at-10.44.58-4.jpeg 1600w, https:\/\/prostatabrasilia.com.br\/wp-content\/uploads\/2023\/05\/WhatsApp-Image-2022-10-31-at-10.44.58-4-300x225.jpeg 300w, https:\/\/prostatabrasilia.com.br\/wp-content\/uploads\/2023\/05\/WhatsApp-Image-2022-10-31-at-10.44.58-4-1024x768.jpeg 1024w, https:\/\/prostatabrasilia.com.br\/wp-content\/uploads\/2023\/05\/WhatsApp-Image-2022-10-31-at-10.44.58-4-768x576.jpeg 768w, https:\/\/prostatabrasilia.com.br\/wp-content\/uploads\/2023\/05\/WhatsApp-Image-2022-10-31-at-10.44.58-4-1536x1152.jpeg 1536w\" sizes=\"(max-width: 1600px) 100vw, 1600px\" \/><\/div>\n\t\t<\/a>\n\t\t\t\t<div class=\"elementor-post__text\">\n\t\t\t\t<h3 class=\"elementor-post__title\">\n\t\t\t<a href=\"https:\/\/prostatabrasilia.com.br\/?p=1335\" >\n\t\t\t\tDiferen\u00e7as entre MiLEP e HoLEP\t\t\t<\/a>\n\t\t<\/h3>\n\t\t\t\t<div class=\"elementor-post__excerpt\">\n\t\t\t<p>HoLEP (Enuclea\u00e7\u00e3o da Pr\u00f3stata com Holmium Laser) e MILEP (M\u00ednima Invas\u00e3o de Laser para o Enucleamento da Pr\u00f3stata) s\u00e3o duas t\u00e9cnicas utilizadas para tratar a<\/p>\n\t\t<\/div>\n\t\t\n\t\t<a class=\"elementor-post__read-more\" href=\"https:\/\/prostatabrasilia.com.br\/?p=1335\" aria-label=\"Leia mais sobre Diferen\u00e7as entre MiLEP e HoLEP\" tabindex=\"-1\" >\n\t\t\tLEIA MAIS\t\t<\/a>\n\n\t\t\t\t<\/div>\n\t\t\t\t<\/article>\n\t\t\t\t<article class=\"elementor-post elementor-grid-item post-750 post type-post status-publish format-standard has-post-thumbnail hentry category-blog entry has-media\" role=\"listitem\">\n\t\t\t\t<a class=\"elementor-post__thumbnail__link\" href=\"https:\/\/prostatabrasilia.com.br\/?p=750\" tabindex=\"-1\" >\n\t\t\t<div class=\"elementor-post__thumbnail\"><img decoding=\"async\" width=\"550\" height=\"455\" src=\"https:\/\/prostatabrasilia.com.br\/wp-content\/uploads\/2022\/05\/imagem_interna_blog_psa.jpg\" class=\"attachment-full size-full wp-image-795\" alt=\"\" srcset=\"https:\/\/prostatabrasilia.com.br\/wp-content\/uploads\/2022\/05\/imagem_interna_blog_psa.jpg 550w, https:\/\/prostatabrasilia.com.br\/wp-content\/uploads\/2022\/05\/imagem_interna_blog_psa-300x248.jpg 300w\" sizes=\"(max-width: 550px) 100vw, 550px\" \/><\/div>\n\t\t<\/a>\n\t\t\t\t<div class=\"elementor-post__text\">\n\t\t\t\t<h3 class=\"elementor-post__title\">\n\t\t\t<a href=\"https:\/\/prostatabrasilia.com.br\/?p=750\" >\n\t\t\t\tConhe\u00e7a o exame de PSA\t\t\t<\/a>\n\t\t<\/h3>\n\t\t\t\t<div class=\"elementor-post__excerpt\">\n\t\t\t<p>PSA \u00e9 uma prote\u00edna produzida pelo tecido prost\u00e1tico que, atrav\u00e9s do exame, pode determinar se um homem possui o tecido prost\u00e1tico benigno ou maligno. Seu<\/p>\n\t\t<\/div>\n\t\t\n\t\t<a class=\"elementor-post__read-more\" href=\"https:\/\/prostatabrasilia.com.br\/?p=750\" aria-label=\"Leia mais sobre Conhe\u00e7a o exame de PSA\" tabindex=\"-1\" >\n\t\t\tLEIA MAIS\t\t<\/a>\n\n\t\t\t\t<\/div>\n\t\t\t\t<\/article>\n\t\t\t\t<article class=\"elementor-post elementor-grid-item post-747 post type-post status-publish format-standard has-post-thumbnail hentry category-blog entry has-media\" role=\"listitem\">\n\t\t\t\t<a class=\"elementor-post__thumbnail__link\" href=\"https:\/\/prostatabrasilia.com.br\/?p=747\" tabindex=\"-1\" >\n\t\t\t<div class=\"elementor-post__thumbnail\"><img decoding=\"async\" width=\"550\" height=\"455\" src=\"https:\/\/prostatabrasilia.com.br\/wp-content\/uploads\/2022\/05\/imagem_interna_blog_hiperplasia.jpg\" class=\"attachment-full size-full wp-image-809\" alt=\"\" srcset=\"https:\/\/prostatabrasilia.com.br\/wp-content\/uploads\/2022\/05\/imagem_interna_blog_hiperplasia.jpg 550w, https:\/\/prostatabrasilia.com.br\/wp-content\/uploads\/2022\/05\/imagem_interna_blog_hiperplasia-300x248.jpg 300w\" sizes=\"(max-width: 550px) 100vw, 550px\" \/><\/div>\n\t\t<\/a>\n\t\t\t\t<div class=\"elementor-post__text\">\n\t\t\t\t<h3 class=\"elementor-post__title\">\n\t\t\t<a href=\"https:\/\/prostatabrasilia.com.br\/?p=747\" >\n\t\t\t\tHiperplasia Prost\u00e1tica Benigna tem cura?\t\t\t<\/a>\n\t\t<\/h3>\n\t\t\t\t<div class=\"elementor-post__excerpt\">\n\t\t\t<p>A hiperplasia Prost\u00e1tica Benigna \u00e9 um aumento na pr\u00f3stata que afeta os homens, especialmente acima dos 50 anos. O problema atinge o sistema urin\u00e1rio, dificultando<\/p>\n\t\t<\/div>\n\t\t\n\t\t<a class=\"elementor-post__read-more\" href=\"https:\/\/prostatabrasilia.com.br\/?p=747\" aria-label=\"Leia mais sobre Hiperplasia Prost\u00e1tica Benigna tem cura?\" tabindex=\"-1\" >\n\t\t\tLEIA MAIS\t\t<\/a>\n\n\t\t\t\t<\/div>\n\t\t\t\t<\/article>\n\t\t\t\t<article class=\"elementor-post elementor-grid-item post-741 post type-post status-publish format-standard has-post-thumbnail hentry category-blog entry has-media\" role=\"listitem\">\n\t\t\t\t<a class=\"elementor-post__thumbnail__link\" href=\"https:\/\/prostatabrasilia.com.br\/?p=741\" tabindex=\"-1\" >\n\t\t\t<div class=\"elementor-post__thumbnail\"><img loading=\"lazy\" decoding=\"async\" width=\"550\" height=\"455\" src=\"https:\/\/prostatabrasilia.com.br\/wp-content\/uploads\/2022\/05\/imagem_interna_blog_Disfuncao-Miccional.jpg\" class=\"attachment-full size-full wp-image-811\" alt=\"\" srcset=\"https:\/\/prostatabrasilia.com.br\/wp-content\/uploads\/2022\/05\/imagem_interna_blog_Disfuncao-Miccional.jpg 550w, https:\/\/prostatabrasilia.com.br\/wp-content\/uploads\/2022\/05\/imagem_interna_blog_Disfuncao-Miccional-300x248.jpg 300w\" sizes=\"(max-width: 550px) 100vw, 550px\" \/><\/div>\n\t\t<\/a>\n\t\t\t\t<div class=\"elementor-post__text\">\n\t\t\t\t<h3 class=\"elementor-post__title\">\n\t\t\t<a href=\"https:\/\/prostatabrasilia.com.br\/?p=741\" >\n\t\t\t\tDisfun\u00e7\u00e3o Miccional Masculina\t\t\t<\/a>\n\t\t<\/h3>\n\t\t\t\t<div class=\"elementor-post__excerpt\">\n\t\t\t<p>\u00c9 uma condi\u00e7\u00e3o que consiste no funcionamento anormal da bexiga. \u00c9 comum, em pacientes que sofrem com esse caso, a dificuldade de armazenar ou reter<\/p>\n\t\t<\/div>\n\t\t\n\t\t<a class=\"elementor-post__read-more\" href=\"https:\/\/prostatabrasilia.com.br\/?p=741\" aria-label=\"Leia mais sobre Disfun\u00e7\u00e3o Miccional Masculina\" tabindex=\"-1\" >\n\t\t\tLEIA MAIS\t\t<\/a>\n\n\t\t\t\t<\/div>\n\t\t\t\t<\/article>\n\t\t\t\t<\/div>\n\t\t\n\t\t\t\t\t\t<\/div>\n\t\t\t\t<\/div>\n\t\t\t\t<div class=\"elementor-element elementor-element-21b5351 elementor-grid-2 elementor-hidden-desktop elementor-grid-tablet-2 elementor-grid-mobile-1 elementor-posts--thumbnail-top elementor-widget elementor-widget-posts\" data-id=\"21b5351\" data-element_type=\"widget\" data-e-type=\"widget\" data-settings=\"{&quot;classic_columns&quot;:&quot;2&quot;,&quot;classic_row_gap&quot;:{&quot;unit&quot;:&quot;px&quot;,&quot;size&quot;:53,&quot;sizes&quot;:[]},&quot;classic_columns_tablet&quot;:&quot;2&quot;,&quot;classic_columns_mobile&quot;:&quot;1&quot;,&quot;classic_row_gap_tablet&quot;:{&quot;unit&quot;:&quot;px&quot;,&quot;size&quot;:&quot;&quot;,&quot;sizes&quot;:[]},&quot;classic_row_gap_mobile&quot;:{&quot;unit&quot;:&quot;px&quot;,&quot;size&quot;:&quot;&quot;,&quot;sizes&quot;:[]}}\" data-widget_type=\"posts.classic\">\n\t\t\t\t<div class=\"elementor-widget-container\">\n\t\t\t\t\t\t\t<div class=\"elementor-posts-container elementor-posts elementor-posts--skin-classic elementor-grid\" role=\"list\">\n\t\t\t\t<article class=\"elementor-post elementor-grid-item post-1335 post type-post status-publish format-standard has-post-thumbnail hentry category-blog entry has-media\" role=\"listitem\">\n\t\t\t\t<a class=\"elementor-post__thumbnail__link\" href=\"https:\/\/prostatabrasilia.com.br\/?p=1335\" tabindex=\"-1\" >\n\t\t\t<div class=\"elementor-post__thumbnail\"><img fetchpriority=\"high\" decoding=\"async\" width=\"1600\" height=\"1200\" src=\"https:\/\/prostatabrasilia.com.br\/wp-content\/uploads\/2023\/05\/WhatsApp-Image-2022-10-31-at-10.44.58-4.jpeg\" class=\"attachment-full size-full wp-image-1337\" alt=\"\" srcset=\"https:\/\/prostatabrasilia.com.br\/wp-content\/uploads\/2023\/05\/WhatsApp-Image-2022-10-31-at-10.44.58-4.jpeg 1600w, https:\/\/prostatabrasilia.com.br\/wp-content\/uploads\/2023\/05\/WhatsApp-Image-2022-10-31-at-10.44.58-4-300x225.jpeg 300w, https:\/\/prostatabrasilia.com.br\/wp-content\/uploads\/2023\/05\/WhatsApp-Image-2022-10-31-at-10.44.58-4-1024x768.jpeg 1024w, https:\/\/prostatabrasilia.com.br\/wp-content\/uploads\/2023\/05\/WhatsApp-Image-2022-10-31-at-10.44.58-4-768x576.jpeg 768w, https:\/\/prostatabrasilia.com.br\/wp-content\/uploads\/2023\/05\/WhatsApp-Image-2022-10-31-at-10.44.58-4-1536x1152.jpeg 1536w\" sizes=\"(max-width: 1600px) 100vw, 1600px\" \/><\/div>\n\t\t<\/a>\n\t\t\t\t<div class=\"elementor-post__text\">\n\t\t\t\t<h3 class=\"elementor-post__title\">\n\t\t\t<a href=\"https:\/\/prostatabrasilia.com.br\/?p=1335\" >\n\t\t\t\tDiferen\u00e7as entre MiLEP e HoLEP\t\t\t<\/a>\n\t\t<\/h3>\n\t\t\t\t<div class=\"elementor-post__excerpt\">\n\t\t\t<p>HoLEP (Enuclea\u00e7\u00e3o da Pr\u00f3stata com Holmium Laser) e MILEP (M\u00ednima Invas\u00e3o de Laser para o Enucleamento da Pr\u00f3stata) s\u00e3o duas t\u00e9cnicas utilizadas para tratar a<\/p>\n\t\t<\/div>\n\t\t\n\t\t<a class=\"elementor-post__read-more\" href=\"https:\/\/prostatabrasilia.com.br\/?p=1335\" aria-label=\"Leia mais sobre Diferen\u00e7as entre MiLEP e HoLEP\" tabindex=\"-1\" >\n\t\t\tLEIA MAIS\t\t<\/a>\n\n\t\t\t\t<\/div>\n\t\t\t\t<\/article>\n\t\t\t\t<article class=\"elementor-post elementor-grid-item post-750 post type-post status-publish format-standard has-post-thumbnail hentry category-blog entry has-media\" role=\"listitem\">\n\t\t\t\t<a class=\"elementor-post__thumbnail__link\" href=\"https:\/\/prostatabrasilia.com.br\/?p=750\" tabindex=\"-1\" >\n\t\t\t<div class=\"elementor-post__thumbnail\"><img decoding=\"async\" width=\"550\" height=\"455\" src=\"https:\/\/prostatabrasilia.com.br\/wp-content\/uploads\/2022\/05\/imagem_interna_blog_psa.jpg\" class=\"attachment-full size-full wp-image-795\" alt=\"\" srcset=\"https:\/\/prostatabrasilia.com.br\/wp-content\/uploads\/2022\/05\/imagem_interna_blog_psa.jpg 550w, https:\/\/prostatabrasilia.com.br\/wp-content\/uploads\/2022\/05\/imagem_interna_blog_psa-300x248.jpg 300w\" sizes=\"(max-width: 550px) 100vw, 550px\" \/><\/div>\n\t\t<\/a>\n\t\t\t\t<div class=\"elementor-post__text\">\n\t\t\t\t<h3 class=\"elementor-post__title\">\n\t\t\t<a href=\"https:\/\/prostatabrasilia.com.br\/?p=750\" >\n\t\t\t\tConhe\u00e7a o exame de PSA\t\t\t<\/a>\n\t\t<\/h3>\n\t\t\t\t<div class=\"elementor-post__excerpt\">\n\t\t\t<p>PSA \u00e9 uma prote\u00edna produzida pelo tecido prost\u00e1tico que, atrav\u00e9s do exame, pode determinar se um homem possui o tecido prost\u00e1tico benigno ou maligno. Seu<\/p>\n\t\t<\/div>\n\t\t\n\t\t<a class=\"elementor-post__read-more\" href=\"https:\/\/prostatabrasilia.com.br\/?p=750\" aria-label=\"Leia mais sobre Conhe\u00e7a o exame de PSA\" tabindex=\"-1\" >\n\t\t\tLEIA MAIS\t\t<\/a>\n\n\t\t\t\t<\/div>\n\t\t\t\t<\/article>\n\t\t\t\t<article class=\"elementor-post elementor-grid-item post-747 post type-post status-publish format-standard has-post-thumbnail hentry category-blog entry has-media\" role=\"listitem\">\n\t\t\t\t<a class=\"elementor-post__thumbnail__link\" href=\"https:\/\/prostatabrasilia.com.br\/?p=747\" tabindex=\"-1\" >\n\t\t\t<div class=\"elementor-post__thumbnail\"><img decoding=\"async\" width=\"550\" height=\"455\" src=\"https:\/\/prostatabrasilia.com.br\/wp-content\/uploads\/2022\/05\/imagem_interna_blog_hiperplasia.jpg\" class=\"attachment-full size-full wp-image-809\" alt=\"\" srcset=\"https:\/\/prostatabrasilia.com.br\/wp-content\/uploads\/2022\/05\/imagem_interna_blog_hiperplasia.jpg 550w, https:\/\/prostatabrasilia.com.br\/wp-content\/uploads\/2022\/05\/imagem_interna_blog_hiperplasia-300x248.jpg 300w\" sizes=\"(max-width: 550px) 100vw, 550px\" \/><\/div>\n\t\t<\/a>\n\t\t\t\t<div class=\"elementor-post__text\">\n\t\t\t\t<h3 class=\"elementor-post__title\">\n\t\t\t<a href=\"https:\/\/prostatabrasilia.com.br\/?p=747\" >\n\t\t\t\tHiperplasia Prost\u00e1tica Benigna tem cura?\t\t\t<\/a>\n\t\t<\/h3>\n\t\t\t\t<div class=\"elementor-post__excerpt\">\n\t\t\t<p>A hiperplasia Prost\u00e1tica Benigna \u00e9 um aumento na pr\u00f3stata que afeta os homens, especialmente acima dos 50 anos. O problema atinge o sistema urin\u00e1rio, dificultando<\/p>\n\t\t<\/div>\n\t\t\n\t\t<a class=\"elementor-post__read-more\" href=\"https:\/\/prostatabrasilia.com.br\/?p=747\" aria-label=\"Leia mais sobre Hiperplasia Prost\u00e1tica Benigna tem cura?\" tabindex=\"-1\" >\n\t\t\tLEIA MAIS\t\t<\/a>\n\n\t\t\t\t<\/div>\n\t\t\t\t<\/article>\n\t\t\t\t<article class=\"elementor-post elementor-grid-item post-741 post type-post status-publish format-standard has-post-thumbnail hentry category-blog entry has-media\" role=\"listitem\">\n\t\t\t\t<a class=\"elementor-post__thumbnail__link\" href=\"https:\/\/prostatabrasilia.com.br\/?p=741\" tabindex=\"-1\" >\n\t\t\t<div class=\"elementor-post__thumbnail\"><img loading=\"lazy\" decoding=\"async\" width=\"550\" height=\"455\" src=\"https:\/\/prostatabrasilia.com.br\/wp-content\/uploads\/2022\/05\/imagem_interna_blog_Disfuncao-Miccional.jpg\" class=\"attachment-full size-full wp-image-811\" alt=\"\" srcset=\"https:\/\/prostatabrasilia.com.br\/wp-content\/uploads\/2022\/05\/imagem_interna_blog_Disfuncao-Miccional.jpg 550w, https:\/\/prostatabrasilia.com.br\/wp-content\/uploads\/2022\/05\/imagem_interna_blog_Disfuncao-Miccional-300x248.jpg 300w\" sizes=\"(max-width: 550px) 100vw, 550px\" \/><\/div>\n\t\t<\/a>\n\t\t\t\t<div class=\"elementor-post__text\">\n\t\t\t\t<h3 class=\"elementor-post__title\">\n\t\t\t<a href=\"https:\/\/prostatabrasilia.com.br\/?p=741\" >\n\t\t\t\tDisfun\u00e7\u00e3o Miccional Masculina\t\t\t<\/a>\n\t\t<\/h3>\n\t\t\t\t<div class=\"elementor-post__excerpt\">\n\t\t\t<p>\u00c9 uma condi\u00e7\u00e3o que consiste no funcionamento anormal da bexiga. \u00c9 comum, em pacientes que sofrem com esse caso, a dificuldade de armazenar ou reter<\/p>\n\t\t<\/div>\n\t\t\n\t\t<a class=\"elementor-post__read-more\" href=\"https:\/\/prostatabrasilia.com.br\/?p=741\" aria-label=\"Leia mais sobre Disfun\u00e7\u00e3o Miccional Masculina\" tabindex=\"-1\" >\n\t\t\tLEIA MAIS\t\t<\/a>\n\n\t\t\t\t<\/div>\n\t\t\t\t<\/article>\n\t\t\t\t<\/div>\n\t\t\n\t\t\t\t\t\t<\/div>\n\t\t\t\t<\/div>\n\t\t\t\t\t<\/div>\n\t\t<\/div>\n\t\t\t\t\t<\/div>\n\t\t<\/section>\n\t\t\t\t<\/div>\n\t\t","protected":false},"excerpt":{"rendered":"<p>BLOG Entendendo a HPB: Preven\u00e7\u00e3o, Sintomas e Solu\u00e7\u00f5es Explore nosso blog para acessar conte\u00fados ricos sobre os mais recentes tratamentos urol\u00f3gicos e dicas de sa\u00fade prost\u00e1tica.<\/p>\n","protected":false},"author":7,"featured_media":0,"parent":0,"menu_order":0,"comment_status":"closed","ping_status":"closed","template":"elementor_header_footer","meta":{"ocean_post_layout":"","ocean_both_sidebars_style":"","ocean_both_sidebars_content_width":0,"ocean_both_sidebars_sidebars_width":0,"ocean_sidebar":"","ocean_second_sidebar":"","ocean_disable_margins":"enable","ocean_add_body_class":"","ocean_shortcode_before_top_bar":"","ocean_shortcode_after_top_bar":"","ocean_shortcode_before_header":"","ocean_shortcode_after_header":"","ocean_has_shortcode":"","ocean_shortcode_after_title":"","ocean_shortcode_before_footer_widgets":"","ocean_shortcode_after_footer_widgets":"","ocean_shortcode_before_footer_bottom":"","ocean_shortcode_after_footer_bottom":"","ocean_display_top_bar":"default","ocean_display_header":"default","ocean_header_style":"","ocean_center_header_left_menu":"","ocean_custom_header_template":"","ocean_custom_logo":0,"ocean_custom_retina_logo":0,"ocean_custom_logo_max_width":0,"ocean_custom_logo_tablet_max_width":0,"ocean_custom_logo_mobile_max_width":0,"ocean_custom_logo_max_height":0,"ocean_custom_logo_tablet_max_height":0,"ocean_custom_logo_mobile_max_height":0,"ocean_header_custom_menu":"","ocean_menu_typo_font_family":"","ocean_menu_typo_font_subset":"","ocean_menu_typo_font_size":0,"ocean_menu_typo_font_size_tablet":0,"ocean_menu_typo_font_size_mobile":0,"ocean_menu_typo_font_size_unit":"px","ocean_menu_typo_font_weight":"","ocean_menu_typo_font_weight_tablet":"","ocean_menu_typo_font_weight_mobile":"","ocean_menu_typo_transform":"","ocean_menu_typo_transform_tablet":"","ocean_menu_typo_transform_mobile":"","ocean_menu_typo_line_height":0,"ocean_menu_typo_line_height_tablet":0,"ocean_menu_typo_line_height_mobile":0,"ocean_menu_typo_line_height_unit":"","ocean_menu_typo_spacing":0,"ocean_menu_typo_spacing_tablet":0,"ocean_menu_typo_spacing_mobile":0,"ocean_menu_typo_spacing_unit":"","ocean_menu_link_color":"","ocean_menu_link_color_hover":"","ocean_menu_link_color_active":"","ocean_menu_link_background":"","ocean_menu_link_hover_background":"","ocean_menu_link_active_background":"","ocean_menu_social_links_bg":"","ocean_menu_social_hover_links_bg":"","ocean_menu_social_links_color":"","ocean_menu_social_hover_links_color":"","ocean_disable_title":"default","ocean_disable_heading":"default","ocean_post_title":"","ocean_post_subheading":"","ocean_post_title_style":"","ocean_post_title_background_color":"","ocean_post_title_background":0,"ocean_post_title_bg_image_position":"","ocean_post_title_bg_image_attachment":"","ocean_post_title_bg_image_repeat":"","ocean_post_title_bg_image_size":"","ocean_post_title_height":0,"ocean_post_title_bg_overlay":0.5,"ocean_post_title_bg_overlay_color":"","ocean_disable_breadcrumbs":"default","ocean_breadcrumbs_color":"","ocean_breadcrumbs_separator_color":"","ocean_breadcrumbs_links_color":"","ocean_breadcrumbs_links_hover_color":"","ocean_display_footer_widgets":"default","ocean_display_footer_bottom":"default","ocean_custom_footer_template":"","footnotes":""},"class_list":["post-148","page","type-page","status-publish","hentry","entry","has-media"],"_links":{"self":[{"href":"https:\/\/prostatabrasilia.com.br\/index.php?rest_route=\/wp\/v2\/pages\/148","targetHints":{"allow":["GET"]}}],"collection":[{"href":"https:\/\/prostatabrasilia.com.br\/index.php?rest_route=\/wp\/v2\/pages"}],"about":[{"href":"https:\/\/prostatabrasilia.com.br\/index.php?rest_route=\/wp\/v2\/types\/page"}],"author":[{"embeddable":true,"href":"https:\/\/prostatabrasilia.com.br\/index.php?rest_route=\/wp\/v2\/users\/7"}],"replies":[{"embeddable":true,"href":"https:\/\/prostatabrasilia.com.br\/index.php?rest_route=%2Fwp%2Fv2%2Fcomments&post=148"}],"version-history":[{"count":0,"href":"https:\/\/prostatabrasilia.com.br\/index.php?rest_route=\/wp\/v2\/pages\/148\/revisions"}],"wp:attachment":[{"href":"https:\/\/prostatabrasilia.com.br\/index.php?rest_route=%2Fwp%2Fv2%2Fmedia&parent=148"}],"curies":[{"name":"wp","href":"https:\/\/api.w.org\/{rel}","templated":true}]}}