{"id":1868,"date":"2024-03-19T21:24:18","date_gmt":"2024-03-20T00:24:18","guid":{"rendered":"https:\/\/prostatabrasilia.com.br\/?page_id=1868"},"modified":"2024-03-20T15:07:07","modified_gmt":"2024-03-20T18:07:07","slug":"convenio","status":"publish","type":"page","link":"https:\/\/prostatabrasilia.com.br\/?page_id=1868","title":{"rendered":"Conv\u00eanio"},"content":{"rendered":"\t\t<div data-elementor-type=\"wp-page\" data-elementor-id=\"1868\" class=\"elementor elementor-1868\" data-elementor-post-type=\"page\">\n\t\t\t\t<div class=\"elementor-element elementor-element-5afa646 e-flex e-con-boxed e-con e-parent\" data-id=\"5afa646\" data-element_type=\"container\" data-e-type=\"container\">\n\t\t\t\t\t<div class=\"e-con-inner\">\n\t\t<div class=\"elementor-element elementor-element-9778b9c e-flex e-con-boxed e-con e-child\" data-id=\"9778b9c\" data-element_type=\"container\" data-e-type=\"container\">\n\t\t\t\t\t<div class=\"e-con-inner\">\n\t\t\t\t<div class=\"elementor-element elementor-element-02110d9 elementor-widget elementor-widget-heading\" data-id=\"02110d9\" data-element_type=\"widget\" data-e-type=\"widget\" data-widget_type=\"heading.default\">\n\t\t\t\t<div class=\"elementor-widget-container\">\n\t\t\t\t\t<p class=\"elementor-heading-title elementor-size-default\">CONV\u00caNIOS<\/p>\t\t\t\t<\/div>\n\t\t\t\t<\/div>\n\t\t\t\t<div class=\"elementor-element elementor-element-0d16753 elementor-widget elementor-widget-heading\" data-id=\"0d16753\" data-element_type=\"widget\" data-e-type=\"widget\" data-widget_type=\"heading.default\">\n\t\t\t\t<div class=\"elementor-widget-container\">\n\t\t\t\t\t<h1 class=\"elementor-heading-title elementor-size-default\">Conv\u00eanios aceitos na <br> Pr\u00f3stata Bras\u00edlia<\/h1>\t\t\t\t<\/div>\n\t\t\t\t<\/div>\n\t\t\t\t\t<\/div>\n\t\t\t\t<\/div>\n\t\t\t\t\t<\/div>\n\t\t\t\t<\/div>\n\t\t\t\t<section class=\"elementor-section elementor-top-section elementor-element elementor-element-afcbe53 elementor-section-boxed elementor-section-height-default elementor-section-height-default\" data-id=\"afcbe53\" data-element_type=\"section\" data-e-type=\"section\">\n\t\t\t\t\t\t<div class=\"elementor-container elementor-column-gap-default\">\n\t\t\t\t\t<div class=\"elementor-column elementor-col-50 elementor-top-column elementor-element elementor-element-f393656\" data-id=\"f393656\" data-element_type=\"column\" data-e-type=\"column\">\n\t\t\t<div class=\"elementor-widget-wrap elementor-element-populated\">\n\t\t\t\t\t\t<div class=\"elementor-element elementor-element-ad7c52f elementor-widget elementor-widget-heading\" data-id=\"ad7c52f\" data-element_type=\"widget\" data-e-type=\"widget\" data-widget_type=\"heading.default\">\n\t\t\t\t<div class=\"elementor-widget-container\">\n\t\t\t\t\t<h2 class=\"elementor-heading-title elementor-size-default\">CONV\u00caNIOS<\/h2>\t\t\t\t<\/div>\n\t\t\t\t<\/div>\n\t\t\t\t<div class=\"elementor-element elementor-element-dfc7317 elementor-widget elementor-widget-heading\" data-id=\"dfc7317\" data-element_type=\"widget\" data-e-type=\"widget\" data-widget_type=\"heading.default\">\n\t\t\t\t<div class=\"elementor-widget-container\">\n\t\t\t\t\t<h2 class=\"elementor-heading-title elementor-size-default\">Lista de Conv\u00eanios<\/h2>\t\t\t\t<\/div>\n\t\t\t\t<\/div>\n\t\t\t\t<div class=\"elementor-element elementor-element-e4e9227 elementor-widget elementor-widget-text-editor\" data-id=\"e4e9227\" data-element_type=\"widget\" data-e-type=\"widget\" data-widget_type=\"text-editor.default\">\n\t\t\t\t<div class=\"elementor-widget-container\">\n\t\t\t\t\t\t\t\t\t<p>entendemos a import\u00e2ncia de facilitar o acesso aos nossos servi\u00e7os especializados em urologia. Por isso, trabalhamos com uma vasta lista de conv\u00eanios, garantindo que voc\u00ea possa receber o tratamento necess\u00e1rio com o suporte do seu plano de sa\u00fade.<\/p>\t\t\t\t\t\t\t\t<\/div>\n\t\t\t\t<\/div>\n\t\t\t\t<div class=\"elementor-element elementor-element-eb75332 servicos elementor-widget elementor-widget-accordion\" data-id=\"eb75332\" data-element_type=\"widget\" data-e-type=\"widget\" data-widget_type=\"accordion.default\">\n\t\t\t\t<div class=\"elementor-widget-container\">\n\t\t\t\t\t\t\t<div class=\"elementor-accordion\">\n\t\t\t\t\t\t\t<div class=\"elementor-accordion-item\">\n\t\t\t\t\t<div id=\"elementor-tab-title-2461\" class=\"elementor-tab-title\" data-tab=\"1\" role=\"button\" aria-controls=\"elementor-tab-content-2461\" aria-expanded=\"false\">\n\t\t\t\t\t\t\t\t\t\t\t\t\t<span class=\"elementor-accordion-icon elementor-accordion-icon-right\" aria-hidden=\"true\">\n\t\t\t\t\t\t\t\t\t\t\t\t\t\t\t<span class=\"elementor-accordion-icon-closed\"><i class=\"fas fa-plus\"><\/i><\/span>\n\t\t\t\t\t\t\t\t<span class=\"elementor-accordion-icon-opened\"><i class=\"fas fa-minus\"><\/i><\/span>\n\t\t\t\t\t\t\t\t\t\t\t\t\t\t<\/span>\n\t\t\t\t\t\t\t\t\t\t\t\t<a class=\"elementor-accordion-title\" tabindex=\"0\">Conv\u00eanios aceitos<\/a>\n\t\t\t\t\t<\/div>\n\t\t\t\t\t<div id=\"elementor-tab-content-2461\" class=\"elementor-tab-content elementor-clearfix\" data-tab=\"1\" role=\"region\" aria-labelledby=\"elementor-tab-title-2461\"><p>AFEB BRASAL<br \/>AFFEGO<br \/>ASETE (ASTE)<br \/>ASFUB<br \/>BACEN<br \/>BRADESCO<br \/>BRB SAUDE<br \/>CAEME-GO<br \/>CAESAN<br \/>CAMED<br \/>CASEC (CODEVASF)<br \/>CASEMBRAPA<br \/>CASSI<br \/>CNTI<br \/>CONAB<br \/>ECT (POSTAL SA\u00daDE)<br \/>ELETRONORTE (E-VIDA)<br \/>EMBRATEL<br \/>FACEB<br \/>FAPES (BNDES)<br \/>FASCAL<br \/>GAMA SA\u00daDE<br \/>GOLDEN<br \/>GRAVIA<br \/>GDF &#8211; SA\u00daDE<br \/>GEAP<br \/>INFRAERO<br \/>LIFE EMPRESARIAL<br \/>NOTRE DAME<br \/>OMINT<br \/>PETROBR\u00c1S DISTRIBUIDORA<br \/>PLAN ASSISTE (MPDFT\/MPF\/MPM\/MPT)<br \/>PROASA<br \/>SA\u00daDE CAIXA<br \/>SEGUROS UNIMED<br \/>SERPRO<br \/>SIS-SENADO FEDERAL<br \/>STF &#8211; MED<br \/>STJ &#8211; PR\u00d3 SER<br \/>STM (PLAS\/JMU)<br \/>TEMPO SA\u00daDE (ANTIGO UNIBANCO)<br \/>TJDFT<br \/>T R E<br \/>T R F<br \/>T R T<br \/>T S T &#8211; SA\u00daDE<br \/>UNAFISCO (SINDIFISCO)<\/p><\/div>\n\t\t\t\t<\/div>\n\t\t\t\t\t\t\t<div class=\"elementor-accordion-item\">\n\t\t\t\t\t<div id=\"elementor-tab-title-2462\" class=\"elementor-tab-title\" data-tab=\"2\" role=\"button\" aria-controls=\"elementor-tab-content-2462\" aria-expanded=\"false\">\n\t\t\t\t\t\t\t\t\t\t\t\t\t<span class=\"elementor-accordion-icon elementor-accordion-icon-right\" aria-hidden=\"true\">\n\t\t\t\t\t\t\t\t\t\t\t\t\t\t\t<span class=\"elementor-accordion-icon-closed\"><i class=\"fas fa-plus\"><\/i><\/span>\n\t\t\t\t\t\t\t\t<span class=\"elementor-accordion-icon-opened\"><i class=\"fas fa-minus\"><\/i><\/span>\n\t\t\t\t\t\t\t\t\t\t\t\t\t\t<\/span>\n\t\t\t\t\t\t\t\t\t\t\t\t<a class=\"elementor-accordion-title\" tabindex=\"0\">Conv\u00eanios por reembolsos<\/a>\n\t\t\t\t\t<\/div>\n\t\t\t\t\t<div id=\"elementor-tab-content-2462\" class=\"elementor-tab-content elementor-clearfix\" data-tab=\"2\" role=\"region\" aria-labelledby=\"elementor-tab-title-2462\"><p>ALLIANZ SA\u00daDE<br \/>ASSEFAZ<br \/>AMIL<br \/>BRADESCO &#8211; NACIONAL FLEX<br \/>BOMBEIRO<br \/>PF SA\u00daDE<br \/>FUSMA<br \/>FUSEX<br \/>UNIMED NACIONAL<br \/>SMILE<br \/>SLAM<br \/>SULAMERICA<\/p><\/div>\n\t\t\t\t<\/div>\n\t\t\t\t\t\t\t\t<\/div>\n\t\t\t\t\t\t<\/div>\n\t\t\t\t<\/div>\n\t\t\t\t<div class=\"elementor-element elementor-element-987d620 elementor-widget elementor-widget-html\" data-id=\"987d620\" data-element_type=\"widget\" data-e-type=\"widget\" data-widget_type=\"html.default\">\n\t\t\t\t<div class=\"elementor-widget-container\">\n\t\t\t\t\t<script>\njQuery(document).ready(function($) {\nvar delay = 100; setTimeout(function() {\n$('.elementor-tab-title').removeClass('elementor-active');\n $('.elementor-tab-content').css('display', 'none'); }, delay);\n});\n<\/script>\t\t\t\t<\/div>\n\t\t\t\t<\/div>\n\t\t\t\t\t<\/div>\n\t\t<\/div>\n\t\t\t\t<div class=\"elementor-column elementor-col-50 elementor-top-column elementor-element elementor-element-2817f58\" data-id=\"2817f58\" data-element_type=\"column\" data-e-type=\"column\">\n\t\t\t<div class=\"elementor-widget-wrap elementor-element-populated\">\n\t\t\t\t\t\t<div class=\"elementor-element elementor-element-a37eb4f elementor-widget elementor-widget-image\" data-id=\"a37eb4f\" data-element_type=\"widget\" data-e-type=\"widget\" data-widget_type=\"image.default\">\n\t\t\t\t<div class=\"elementor-widget-container\">\n\t\t\t\t\t\t\t\t\t\t\t\t\t\t\t<img fetchpriority=\"high\" decoding=\"async\" width=\"1024\" height=\"692\" src=\"https:\/\/prostatabrasilia.com.br\/wp-content\/uploads\/2022\/05\/bg_holep_parallax-1024x692.jpg\" class=\"attachment-large size-large wp-image-784\" alt=\"\" srcset=\"https:\/\/prostatabrasilia.com.br\/wp-content\/uploads\/2022\/05\/bg_holep_parallax-1024x692.jpg 1024w, https:\/\/prostatabrasilia.com.br\/wp-content\/uploads\/2022\/05\/bg_holep_parallax-300x203.jpg 300w, https:\/\/prostatabrasilia.com.br\/wp-content\/uploads\/2022\/05\/bg_holep_parallax-768x519.jpg 768w, https:\/\/prostatabrasilia.com.br\/wp-content\/uploads\/2022\/05\/bg_holep_parallax-1536x1038.jpg 1536w, https:\/\/prostatabrasilia.com.br\/wp-content\/uploads\/2022\/05\/bg_holep_parallax.jpg 1920w\" sizes=\"(max-width: 1024px) 100vw, 1024px\" \/>\t\t\t\t\t\t\t\t\t\t\t\t\t\t\t<\/div>\n\t\t\t\t<\/div>\n\t\t\t\t\t<\/div>\n\t\t<\/div>\n\t\t\t\t\t<\/div>\n\t\t<\/section>\n\t\t\t\t<\/div>\n\t\t","protected":false},"excerpt":{"rendered":"<p>CONV\u00caNIOS Conv\u00eanios aceitos na Pr\u00f3stata Bras\u00edlia CONV\u00caNIOS Lista de Conv\u00eanios entendemos a import\u00e2ncia de facilitar o acesso aos nossos servi\u00e7os especializados em urologia. Por isso, trabalhamos com uma vasta lista de conv\u00eanios, garantindo que voc\u00ea possa receber o tratamento necess\u00e1rio com o suporte do seu plano de sa\u00fade. Conv\u00eanios aceitos AFEB BRASALAFFEGOASETE (ASTE)ASFUBBACENBRADESCOBRB SAUDECAEME-GOCAESANCAMEDCASEC (CODEVASF)CASEMBRAPACASSICNTICONABECT [&hellip;]<\/p>\n","protected":false},"author":10,"featured_media":0,"parent":0,"menu_order":0,"comment_status":"closed","ping_status":"closed","template":"","meta":{"ocean_post_layout":"","ocean_both_sidebars_style":"","ocean_both_sidebars_content_width":0,"ocean_both_sidebars_sidebars_width":0,"ocean_sidebar":"","ocean_second_sidebar":"","ocean_disable_margins":"enable","ocean_add_body_class":"","ocean_shortcode_before_top_bar":"","ocean_shortcode_after_top_bar":"","ocean_shortcode_before_header":"","ocean_shortcode_after_header":"","ocean_has_shortcode":"","ocean_shortcode_after_title":"","ocean_shortcode_before_footer_widgets":"","ocean_shortcode_after_footer_widgets":"","ocean_shortcode_before_footer_bottom":"","ocean_shortcode_after_footer_bottom":"","ocean_display_top_bar":"default","ocean_display_header":"default","ocean_header_style":"","ocean_center_header_left_menu":"","ocean_custom_header_template":"","ocean_custom_logo":0,"ocean_custom_retina_logo":0,"ocean_custom_logo_max_width":0,"ocean_custom_logo_tablet_max_width":0,"ocean_custom_logo_mobile_max_width":0,"ocean_custom_logo_max_height":0,"ocean_custom_logo_tablet_max_height":0,"ocean_custom_logo_mobile_max_height":0,"ocean_header_custom_menu":"","ocean_menu_typo_font_family":"","ocean_menu_typo_font_subset":"","ocean_menu_typo_font_size":0,"ocean_menu_typo_font_size_tablet":0,"ocean_menu_typo_font_size_mobile":0,"ocean_menu_typo_font_size_unit":"px","ocean_menu_typo_font_weight":"","ocean_menu_typo_font_weight_tablet":"","ocean_menu_typo_font_weight_mobile":"","ocean_menu_typo_transform":"","ocean_menu_typo_transform_tablet":"","ocean_menu_typo_transform_mobile":"","ocean_menu_typo_line_height":0,"ocean_menu_typo_line_height_tablet":0,"ocean_menu_typo_line_height_mobile":0,"ocean_menu_typo_line_height_unit":"","ocean_menu_typo_spacing":0,"ocean_menu_typo_spacing_tablet":0,"ocean_menu_typo_spacing_mobile":0,"ocean_menu_typo_spacing_unit":"","ocean_menu_link_color":"","ocean_menu_link_color_hover":"","ocean_menu_link_color_active":"","ocean_menu_link_background":"","ocean_menu_link_hover_background":"","ocean_menu_link_active_background":"","ocean_menu_social_links_bg":"","ocean_menu_social_hover_links_bg":"","ocean_menu_social_links_color":"","ocean_menu_social_hover_links_color":"","ocean_disable_title":"default","ocean_disable_heading":"default","ocean_post_title":"","ocean_post_subheading":"","ocean_post_title_style":"","ocean_post_title_background_color":"","ocean_post_title_background":0,"ocean_post_title_bg_image_position":"","ocean_post_title_bg_image_attachment":"","ocean_post_title_bg_image_repeat":"","ocean_post_title_bg_image_size":"","ocean_post_title_height":0,"ocean_post_title_bg_overlay":0.5,"ocean_post_title_bg_overlay_color":"","ocean_disable_breadcrumbs":"default","ocean_breadcrumbs_color":"","ocean_breadcrumbs_separator_color":"","ocean_breadcrumbs_links_color":"","ocean_breadcrumbs_links_hover_color":"","ocean_display_footer_widgets":"default","ocean_display_footer_bottom":"default","ocean_custom_footer_template":"","footnotes":""},"class_list":["post-1868","page","type-page","status-publish","hentry","entry"],"_links":{"self":[{"href":"https:\/\/prostatabrasilia.com.br\/index.php?rest_route=\/wp\/v2\/pages\/1868","targetHints":{"allow":["GET"]}}],"collection":[{"href":"https:\/\/prostatabrasilia.com.br\/index.php?rest_route=\/wp\/v2\/pages"}],"about":[{"href":"https:\/\/prostatabrasilia.com.br\/index.php?rest_route=\/wp\/v2\/types\/page"}],"author":[{"embeddable":true,"href":"https:\/\/prostatabrasilia.com.br\/index.php?rest_route=\/wp\/v2\/users\/10"}],"replies":[{"embeddable":true,"href":"https:\/\/prostatabrasilia.com.br\/index.php?rest_route=%2Fwp%2Fv2%2Fcomments&post=1868"}],"version-history":[{"count":0,"href":"https:\/\/prostatabrasilia.com.br\/index.php?rest_route=\/wp\/v2\/pages\/1868\/revisions"}],"wp:attachment":[{"href":"https:\/\/prostatabrasilia.com.br\/index.php?rest_route=%2Fwp%2Fv2%2Fmedia&parent=1868"}],"curies":[{"name":"wp","href":"https:\/\/api.w.org\/{rel}","templated":true}]}}